{"id":596,"date":"2021-06-02T10:27:08","date_gmt":"2021-06-02T08:27:08","guid":{"rendered":"https:\/\/coword.org\/politica-de-privacidad\/"},"modified":"2022-09-28T19:11:34","modified_gmt":"2022-09-28T17:11:34","slug":"privacy-policy","status":"publish","type":"page","link":"https:\/\/coword.org\/en\/privacy-policy\/","title":{"rendered":"Privacy policy"},"content":{"rendered":"\t\t<div data-elementor-type=\"wp-page\" data-elementor-id=\"596\" class=\"elementor elementor-596 elementor-268\" data-elementor-post-type=\"page\">\n\t\t\t\t\t\t<section class=\"elementor-section elementor-top-section elementor-element elementor-element-67e6101 titulo-degradado elementor-section-boxed elementor-section-height-default elementor-section-height-default\" data-id=\"67e6101\" data-element_type=\"section\" data-settings=\"{&quot;jet_parallax_layout_list&quot;:[]}\">\n\t\t\t\t\t\t<div class=\"elementor-container elementor-column-gap-default\">\n\t\t\t\t\t<div class=\"elementor-column elementor-col-100 elementor-top-column elementor-element elementor-element-99d1dad\" data-id=\"99d1dad\" data-element_type=\"column\">\n\t\t\t<div class=\"elementor-widget-wrap elementor-element-populated\">\n\t\t\t\t\t\t<section class=\"elementor-section elementor-inner-section elementor-element elementor-element-f67f6e1 elementor-section-boxed elementor-section-height-default elementor-section-height-default\" data-id=\"f67f6e1\" data-element_type=\"section\" data-settings=\"{&quot;jet_parallax_layout_list&quot;:[]}\">\n\t\t\t\t\t\t<div class=\"elementor-container elementor-column-gap-default\">\n\t\t\t\t\t<div class=\"elementor-column elementor-col-100 elementor-inner-column elementor-element elementor-element-0131ccd\" data-id=\"0131ccd\" data-element_type=\"column\">\n\t\t\t<div class=\"elementor-widget-wrap elementor-element-populated\">\n\t\t\t\t\t\t<div class=\"elementor-element elementor-element-d2826e4 elementor-widget elementor-widget-heading\" data-id=\"d2826e4\" data-element_type=\"widget\" data-widget_type=\"heading.default\">\n\t\t\t\t<div class=\"elementor-widget-container\">\n\t\t\t<h1 class=\"elementor-heading-title elementor-size-default\">Privacy policy<\/h1>\t\t<\/div>\n\t\t\t\t<\/div>\n\t\t\t\t\t<\/div>\n\t\t<\/div>\n\t\t\t\t\t<\/div>\n\t\t<\/section>\n\t\t\t\t\t<\/div>\n\t\t<\/div>\n\t\t\t\t\t<\/div>\n\t\t<\/section>\n\t\t\t\t<section class=\"elementor-section elementor-top-section elementor-element elementor-element-3f409c29 elementor-section-boxed elementor-section-height-default elementor-section-height-default\" data-id=\"3f409c29\" data-element_type=\"section\" data-settings=\"{&quot;jet_parallax_layout_list&quot;:[]}\">\n\t\t\t\t\t\t<div class=\"elementor-container elementor-column-gap-default\">\n\t\t\t\t\t<div class=\"elementor-column elementor-col-100 elementor-top-column elementor-element elementor-element-45eeea5c\" data-id=\"45eeea5c\" data-element_type=\"column\">\n\t\t\t<div class=\"elementor-widget-wrap elementor-element-populated\">\n\t\t\t\t\t\t<div class=\"elementor-element elementor-element-2d375e58 elementor-widget elementor-widget-text-editor\" data-id=\"2d375e58\" data-element_type=\"widget\" data-widget_type=\"text-editor.default\">\n\t\t\t\t<div class=\"elementor-widget-container\">\n\t\t\t\t\t\t\t<h3><strong>1. DATOS DEL RESPONSABLE DEL TRATAMIENTO<\/strong><\/h3><p>Raz\u00f3n Social: <span style=\"color: #333333;\">Asociaci\u00f3n de espacios inmobiliarios compartidos Coword <\/span>(en adelante, la \u00abEmpresa\u00bb).<br \/>CIF: B-<span style=\"color: #333333;\">01768365<\/span><br \/>Domicilio: <span style=\"color: #333333;\">C\/ Jemenu\u00f1o, 2 \u2013 28005 Madrid<\/span> \u2013 Spain<br \/>E-mail para comunicaciones en materia de Protecci\u00f3n de Datos: <a href=\"mailto:info@coword.org\">info@coword.org<\/a><\/p><p>\u00a0<\/p><p><strong>1.1. Normativa aplicable<\/strong><\/p><p>Nuestra <a href=\"https:\/\/coword.org\/politica-de-privacidad\/\"><em>Pol\u00edtica de Privacidad<\/em><\/a>\u00a0se ha dise\u00f1ado de acuerdo con el\u00a0<strong>Reglamento General de Protecci\u00f3n de Datos de la UE 2016\/679 del Parlamento Europeo\u00a0<\/strong>y del Consejo, de 27 de abril de 2016, relativo a la protecci\u00f3n de las personas f\u00edsicas en lo que respecta al tratamiento de datos personales y a la libre circulaci\u00f3n de estos datos y por el que se deroga la Directiva 95\/46\/CE (Reglamento general de protecci\u00f3n de datos), y en lo que no contradiga el mencionado Reglamento, por lo dispuesto en el marco legislativo espa\u00f1ol en materia de Protecci\u00f3n de Datos de Car\u00e1cter Personal.<\/p><p>Al facilitarnos sus datos, usted declara haber le\u00eddo y conocer la presente <a href=\"https:\/\/coword.org\/politica-de-privacidad\/\"><em>Pol\u00edtica de Privacidad<\/em><\/a>, prestando su consentimiento inequ\u00edvoco y expreso al tratamiento de sus datos personales de acuerdo a las finalidades y t\u00e9rminos aqu\u00ed expresados.<\/p><p>La Empresa podr\u00e1 modificar la presente\u00a0<em>Pol\u00edtica de Privacidad<\/em>\u00a0para adaptarla a las novedades legislativas, jurisprudenciales o de interpretaci\u00f3n de la Agencia Espa\u00f1ola de Protecci\u00f3n de Datos. Estas condiciones de privacidad podr\u00e1n ser complementadas por el\u00a0<a href=\"https:\/\/coword.org\/en\/legal-notice\/\">Aviso Legal<\/a>\u00a0y la\u00a0<a href=\"https:\/\/coword.org\/politica-de-cookies\/\">Pol\u00edtica de Cookies<\/a>\u00a0que, en su caso, se recojan para determinados productos o servicios, si dicho acceso supone alguna especialidad en materia de protecci\u00f3n de datos de car\u00e1cter personal.<\/p><p><strong><br \/>1.2. Delegado de Protecci\u00f3n de Datos<\/strong><\/p><p>La Empresa no tiene Delegado de Protecci\u00f3n de Datos.<\/p><p>\u00a0<\/p><h3><strong>2. FINALIDAD DEL TRATAMIENTO DE LOS DATOS PERSONALES<\/strong><\/h3><p>El tratamiento que realizamos de sus datos personales responde a las siguientes finalidades:<\/p><p>\u2013 Proporcionarle informaci\u00f3n relacionada con los productos y servicios que ofrece nuestra empresa y que se detallan en este sitio web.<\/p><p>\u2013 Realizar la contrataci\u00f3n de nuestros servicios mediante la aceptaci\u00f3n del correspondiente presupuesto\/pedido y\/o la firma de un contrato mercantil.<\/p><p>\u2013 Enviarle por correo electr\u00f3nico y\/o postal las noticias y novedades acerca de nuestra Empresa, as\u00ed como las actualizaciones de nuestro cat\u00e1logo de productos y servicios.<\/p><p><strong>\u00a0<\/strong><\/p><p><strong>2.1. Plazo de conservaci\u00f3n de sus datos<\/strong><\/p><p>Conservaremos sus datos personales desde que nos d\u00e9 su consentimiento hasta que lo revoque o bien solicite la limitaci\u00f3n del tratamiento. En tales casos, mantendremos sus datos de manera bloqueada durante los plazos legalmente exigidos.<\/p><p>\u00a0<\/p><h3><strong>3. LEGITIMACI\u00d3N Y DATOS RECABADOS<\/strong><\/h3><p>La legitimaci\u00f3n para el tratamiento de sus datos es el consentimiento expreso otorgado mediante un acto positivo y afirmativo (rellenar el formulario correspondiente y marcar la casilla de aceptaci\u00f3n de esta\u00a0<a href=\"https:\/\/coword.org\/politica-de-privacidad\/\"><em>Pol\u00edtica de Privacidad<\/em><\/a>) en el momento de facilitarnos sus datos personales.<\/p><p>\u00a0<\/p><p><strong>3.1. Consentimiento para tratar sus datos<\/strong><\/p><p>Al rellenar los formularios, debe marcar la casilla \u00abAcepto la Pol\u00edtica de Privacidad\u00bb y hacer clic para enviar los datos. Al remitir correos electr\u00f3nicos a la Empresa a trav\u00e9s de las cuentas habilitadas al efecto, el usuario manifiesta haber le\u00eddo y aceptado expresamente la presente <a href=\"https:\/\/coword.org\/politica-de-privacidad\/\"><em>Pol\u00edtica de Privacidad<\/em><\/a>\u00a0y otorga su consentimiento inequ\u00edvoco y expreso al tratamiento de sus datos personales conforme a las finalidades indicadas.<\/p><p>\u00a0<\/p><p><strong>3.2. Categor\u00edas de datos<\/strong><\/p><p>Los datos que se recaban se refieren a la categor\u00eda de datos identificativos, como pueden ser: Nombre y Apellidos, Tel\u00e9fono, Direcci\u00f3n Postal, Empresa, Correo electr\u00f3nico, as\u00ed como la direcci\u00f3n IP desde donde accede al formulario de recogida de datos.<\/p><p>\u00a0<\/p><h3><strong>4. MEDIDAS DE SEGURIDAD<\/strong><\/h3><p>Dentro de nuestro compromiso por garantizar la seguridad y confidencialidad de sus datos de car\u00e1cter personal, le informamos que se han adoptado las medidas de \u00edndole t\u00e9cnica y organizativas necesarias para garantizar la seguridad de los datos de car\u00e1cter personal y evitar su alteraci\u00f3n, p\u00e9rdida, tratamiento o acceso no autorizado, habida cuenta del estado de la tecnolog\u00eda, la naturaleza de los datos almacenados y los riesgos a los que est\u00e9n expuestos, seg\u00fan el Art. 32 del RGPD EU 679\/2016.<\/p><p>\u00a0<\/p><h3><strong>5. CESI\u00d3N DE DATOS<\/strong><\/h3><p>No se prev\u00e9n cesiones de datos ni transferencias internacionales de sus datos, a excepci\u00f3n de las autorizadas por la legislaci\u00f3n fiscal, mercantil y de telecomunicaciones, as\u00ed como en aquellos casos en los que una autoridad judicial nos lo requiera.<\/p><p>\u00a0<\/p><h3>\u00a0<\/h3><h3><strong>6. DERECHOS DEL USUARIO<\/strong><\/h3><p>Cualquier interesado tiene derecho a obtener confirmaci\u00f3n sobre si estamos tratando datos personales que le conciernan o no. Las personas interesadas tienen derecho a acceder a sus datos personales, as\u00ed como a solicitar la rectificaci\u00f3n de los datos inexactos o, en su caso, solicitar su supresi\u00f3n cuando, entre otros motivos, los datos ya no sean necesarios para los fines que fueron recogidos.<\/p><p>En determinadas circunstancias, los interesados podr\u00e1n solicitar la limitaci\u00f3n del tratamiento de sus datos, en cuyo caso \u00fanicamente los conservaremos para el ejercicio o la defensa de reclamaciones. Por motivos relacionados con su situaci\u00f3n particular, los interesados podr\u00e1n oponerse al tratamiento de sus datos. El responsable del fichero dejar\u00e1 de tratar los datos, salvo por motivos leg\u00edtimos imperiosos, o el ejercicio o la defensa de posibles reclamaciones.<\/p><p>De acuerdo con la legislaci\u00f3n vigente, el usuario tiene los siguientes derechos: derecho a solicitar el acceso a sus datos personales, derecho a solicitar su rectificaci\u00f3n o supresi\u00f3n, derecho a solicitar la limitaci\u00f3n de su tratamiento, derecho a oponerse al tratamiento, derecho a la portabilidad de los datos y, asimismo, a revocar el consentimiento otorgado.<\/p><p>\u00a0<\/p><p><strong>6.1. \u00bfC\u00f3mo ejercitar mis derechos?<\/strong><\/p><p>Para ejercer los anteriores derechos debe dirigirse al responsable, solicitando el correspondiente formulario para el ejercicio del derecho elegido. Opcionalmente, puede acudir a la Autoridad de Control competente para obtener informaci\u00f3n adicional acerca de sus derechos.<\/p><p>Los datos de contacto para el ejercicio de sus derechos es el correo electr\u00f3nico: <a href=\"mailto:info@coword.org\">info@coword.org<\/a>. Recuerde presentar una copia de un documento que nos permita identificarle.<\/p><p>\u00a0<\/p><h3>\u00a0<\/h3><h3><strong>7. CONSENTIMIENTO PARA ENV\u00cdO DE COMUNICACIONES ELECTR\u00d3NICAS<\/strong><\/h3><p>Asimismo, y de acuerdo con lo establecido en la Ley 34\/2002 de 11 de julio de Servicios de la Sociedad de la Informaci\u00f3n y del Comercio Electr\u00f3nico, completando el formulario de recogida de datos y marcando la correspondiente casilla \u00abHe le\u00eddo y acepto la Pol\u00edtica de Privacidad\u00bb, est\u00e1 otorgando el consentimiento expreso para enviarle a su direcci\u00f3n de e-mail, tel\u00e9fono, fax u otro medio electr\u00f3nico el env\u00edo de informaci\u00f3n acerca de la Empresa.<\/p>\t\t\t\t\t\t<\/div>\n\t\t\t\t<\/div>\n\t\t\t\t\t<\/div>\n\t\t<\/div>\n\t\t\t\t\t<\/div>\n\t\t<\/section>\n\t\t\t\t<\/div>\n\t\t","protected":false},"excerpt":{"rendered":"<p>Privacy policy 1. DATOS DEL RESPONSABLE DEL TRATAMIENTO Raz\u00f3n Social: Asociaci\u00f3n de espacios inmobiliarios compartidos Coword (en adelante, la \u00abEmpresa\u00bb).CIF: B-01768365Domicilio: C\/ Jemenu\u00f1o, 2 \u2013 28005 Madrid \u2013 SpainE-mail para&#8230;<\/p>\n","protected":false},"author":558,"featured_media":0,"parent":0,"menu_order":0,"comment_status":"closed","ping_status":"closed","template":"elementor_header_footer","meta":{"footnotes":""},"class_list":["post-596","page","type-page","status-publish","hentry"],"yoast_head":"<!-- This site is optimized with the Yoast SEO plugin v27.4 - https:\/\/yoast.com\/product\/yoast-seo-wordpress\/ -->\n<title>Privacy policy - Coword<\/title>\n<meta name=\"robots\" content=\"index, follow, max-snippet:-1, max-image-preview:large, max-video-preview:-1\" \/>\n<link rel=\"canonical\" href=\"https:\/\/coword.org\/politica-de-privacidad\/\" \/>\n<meta property=\"og:locale\" content=\"en_US\" \/>\n<meta property=\"og:type\" content=\"article\" \/>\n<meta property=\"og:title\" content=\"Privacy policy - Coword\" \/>\n<meta property=\"og:description\" content=\"Privacy policy 1. DATOS DEL RESPONSABLE DEL TRATAMIENTO Raz\u00f3n Social: Asociaci\u00f3n de espacios inmobiliarios compartidos Coword (en adelante, la \u00abEmpresa\u00bb).CIF: B-01768365Domicilio: C\/ Jemenu\u00f1o, 2 \u2013 28005 Madrid \u2013 SpainE-mail para...\" \/>\n<meta property=\"og:url\" content=\"https:\/\/coword.org\/politica-de-privacidad\/\" \/>\n<meta property=\"og:site_name\" content=\"Coword\" \/>\n<meta property=\"article:modified_time\" content=\"2022-09-28T17:11:34+00:00\" \/>\n<meta name=\"twitter:card\" content=\"summary_large_image\" \/>\n<meta name=\"twitter:label1\" content=\"Est. reading time\" \/>\n\t<meta name=\"twitter:data1\" content=\"5 minutes\" \/>\n<script type=\"application\/ld+json\" class=\"yoast-schema-graph\">{\"@context\":\"https:\\\/\\\/schema.org\",\"@graph\":[{\"@type\":\"WebPage\",\"@id\":\"https:\\\/\\\/coword.org\\\/politica-de-privacidad\\\/\",\"url\":\"https:\\\/\\\/coword.org\\\/politica-de-privacidad\\\/\",\"name\":\"Privacy policy - Coword\",\"isPartOf\":{\"@id\":\"https:\\\/\\\/coword.org\\\/#website\"},\"datePublished\":\"2021-06-02T08:27:08+00:00\",\"dateModified\":\"2022-09-28T17:11:34+00:00\",\"breadcrumb\":{\"@id\":\"https:\\\/\\\/coword.org\\\/politica-de-privacidad\\\/#breadcrumb\"},\"inLanguage\":\"en-US\",\"potentialAction\":[{\"@type\":\"ReadAction\",\"target\":[\"https:\\\/\\\/coword.org\\\/politica-de-privacidad\\\/\"]}]},{\"@type\":\"BreadcrumbList\",\"@id\":\"https:\\\/\\\/coword.org\\\/politica-de-privacidad\\\/#breadcrumb\",\"itemListElement\":[{\"@type\":\"ListItem\",\"position\":1,\"name\":\"Portada\",\"item\":\"https:\\\/\\\/coword.org\\\/\"},{\"@type\":\"ListItem\",\"position\":2,\"name\":\"Privacy policy\"}]},{\"@type\":\"WebSite\",\"@id\":\"https:\\\/\\\/coword.org\\\/#website\",\"url\":\"https:\\\/\\\/coword.org\\\/\",\"name\":\"Coword\",\"description\":\"Asociaci\u00f3n de coliving, cohousing y otros espacios residenciales compartidos\",\"publisher\":{\"@id\":\"https:\\\/\\\/coword.org\\\/#organization\"},\"potentialAction\":[{\"@type\":\"SearchAction\",\"target\":{\"@type\":\"EntryPoint\",\"urlTemplate\":\"https:\\\/\\\/coword.org\\\/?s={search_term_string}\"},\"query-input\":{\"@type\":\"PropertyValueSpecification\",\"valueRequired\":true,\"valueName\":\"search_term_string\"}}],\"inLanguage\":\"en-US\"},{\"@type\":\"Organization\",\"@id\":\"https:\\\/\\\/coword.org\\\/#organization\",\"name\":\"Coword\",\"url\":\"https:\\\/\\\/coword.org\\\/\",\"logo\":{\"@type\":\"ImageObject\",\"inLanguage\":\"en-US\",\"@id\":\"https:\\\/\\\/coword.org\\\/#\\\/schema\\\/logo\\\/image\\\/\",\"url\":\"https:\\\/\\\/coword.org\\\/wp-content\\\/uploads\\\/2021\\\/01\\\/logo-coword.svg\",\"contentUrl\":\"https:\\\/\\\/coword.org\\\/wp-content\\\/uploads\\\/2021\\\/01\\\/logo-coword.svg\",\"width\":300,\"height\":87,\"caption\":\"Coword\"},\"image\":{\"@id\":\"https:\\\/\\\/coword.org\\\/#\\\/schema\\\/logo\\\/image\\\/\"},\"sameAs\":[\"https:\\\/\\\/www.linkedin.com\\\/company\\\/coword-asociaci\u00f3n-inmobiliaria-de-espacios-compartidos\\\/\"]}]}<\/script>\n<!-- \/ Yoast SEO plugin. -->","yoast_head_json":{"title":"Privacy policy - Coword","robots":{"index":"index","follow":"follow","max-snippet":"max-snippet:-1","max-image-preview":"max-image-preview:large","max-video-preview":"max-video-preview:-1"},"canonical":"https:\/\/coword.org\/politica-de-privacidad\/","og_locale":"en_US","og_type":"article","og_title":"Privacy policy - Coword","og_description":"Privacy policy 1. DATOS DEL RESPONSABLE DEL TRATAMIENTO Raz\u00f3n Social: Asociaci\u00f3n de espacios inmobiliarios compartidos Coword (en adelante, la \u00abEmpresa\u00bb).CIF: B-01768365Domicilio: C\/ Jemenu\u00f1o, 2 \u2013 28005 Madrid \u2013 SpainE-mail para...","og_url":"https:\/\/coword.org\/politica-de-privacidad\/","og_site_name":"Coword","article_modified_time":"2022-09-28T17:11:34+00:00","twitter_card":"summary_large_image","twitter_misc":{"Est. reading time":"5 minutes"},"schema":{"@context":"https:\/\/schema.org","@graph":[{"@type":"WebPage","@id":"https:\/\/coword.org\/politica-de-privacidad\/","url":"https:\/\/coword.org\/politica-de-privacidad\/","name":"Privacy policy - Coword","isPartOf":{"@id":"https:\/\/coword.org\/#website"},"datePublished":"2021-06-02T08:27:08+00:00","dateModified":"2022-09-28T17:11:34+00:00","breadcrumb":{"@id":"https:\/\/coword.org\/politica-de-privacidad\/#breadcrumb"},"inLanguage":"en-US","potentialAction":[{"@type":"ReadAction","target":["https:\/\/coword.org\/politica-de-privacidad\/"]}]},{"@type":"BreadcrumbList","@id":"https:\/\/coword.org\/politica-de-privacidad\/#breadcrumb","itemListElement":[{"@type":"ListItem","position":1,"name":"Portada","item":"https:\/\/coword.org\/"},{"@type":"ListItem","position":2,"name":"Privacy policy"}]},{"@type":"WebSite","@id":"https:\/\/coword.org\/#website","url":"https:\/\/coword.org\/","name":"Coword","description":"Asociaci\u00f3n de coliving, cohousing y otros espacios residenciales compartidos","publisher":{"@id":"https:\/\/coword.org\/#organization"},"potentialAction":[{"@type":"SearchAction","target":{"@type":"EntryPoint","urlTemplate":"https:\/\/coword.org\/?s={search_term_string}"},"query-input":{"@type":"PropertyValueSpecification","valueRequired":true,"valueName":"search_term_string"}}],"inLanguage":"en-US"},{"@type":"Organization","@id":"https:\/\/coword.org\/#organization","name":"Coword","url":"https:\/\/coword.org\/","logo":{"@type":"ImageObject","inLanguage":"en-US","@id":"https:\/\/coword.org\/#\/schema\/logo\/image\/","url":"https:\/\/coword.org\/wp-content\/uploads\/2021\/01\/logo-coword.svg","contentUrl":"https:\/\/coword.org\/wp-content\/uploads\/2021\/01\/logo-coword.svg","width":300,"height":87,"caption":"Coword"},"image":{"@id":"https:\/\/coword.org\/#\/schema\/logo\/image\/"},"sameAs":["https:\/\/www.linkedin.com\/company\/coword-asociaci\u00f3n-inmobiliaria-de-espacios-compartidos\/"]}]}},"_links":{"self":[{"href":"https:\/\/coword.org\/en\/wp-json\/wp\/v2\/pages\/596","targetHints":{"allow":["GET"]}}],"collection":[{"href":"https:\/\/coword.org\/en\/wp-json\/wp\/v2\/pages"}],"about":[{"href":"https:\/\/coword.org\/en\/wp-json\/wp\/v2\/types\/page"}],"author":[{"embeddable":true,"href":"https:\/\/coword.org\/en\/wp-json\/wp\/v2\/users\/558"}],"replies":[{"embeddable":true,"href":"https:\/\/coword.org\/en\/wp-json\/wp\/v2\/comments?post=596"}],"version-history":[{"count":4,"href":"https:\/\/coword.org\/en\/wp-json\/wp\/v2\/pages\/596\/revisions"}],"predecessor-version":[{"id":1585,"href":"https:\/\/coword.org\/en\/wp-json\/wp\/v2\/pages\/596\/revisions\/1585"}],"wp:attachment":[{"href":"https:\/\/coword.org\/en\/wp-json\/wp\/v2\/media?parent=596"}],"curies":[{"name":"wp","href":"https:\/\/api.w.org\/{rel}","templated":true}]}}